{"id":3605,"date":"2017-04-21T12:22:57","date_gmt":"2017-04-21T11:22:57","guid":{"rendered":"https:\/\/www.laressourcerie-bv.fr\/?page_id=3605"},"modified":"2017-04-21T15:47:50","modified_gmt":"2017-04-21T14:47:50","slug":"nos-services-brouillon","status":"publish","type":"page","link":"https:\/\/www.laressourcerie-bv.fr\/?page_id=3605","title":{"rendered":"Nos services"},"content":{"rendered":"<div id=\"pl-3605\"  class=\"panel-layout\" ><div id=\"pg-3605-0\"  class=\"panel-grid panel-no-style\" ><div id=\"pgc-3605-0-0\"  class=\"panel-grid-cell\" ><div id=\"panel-3605-0-0-0\" class=\"so-panel widget widget_sow-editor panel-first-child\" data-index=\"0\" ><div\n\t\t\t\n\t\t\tclass=\"so-widget-sow-editor so-widget-sow-editor-base\"\n\t\t\t\n\t\t><h3 class=\"widget-title\">Vous \u00eates un particulier<\/h3>\n<div class=\"siteorigin-widget-tinymce textwidget\">\n\t<p><span style=\"color: #27a829\">Vous souhaitez vous d\u00e9barrasser de tout type de produits<\/span><\/p>\n<p><span style=\"color: #f28e00\">Appelez-nous pour convenir d'un rendez-vous<\/span><\/p>\n<p><span style=\"color: #27a829\">Vous avez besoin de d\u00e9barrasser totalement un bien immobilier<\/span><\/p>\n<p><span style=\"color: #f28e00\">Contactez-nous et nous viendrons r\u00e9aliser un devis<\/span><\/p>\n<p><span style=\"color: #27a829\">Vous changez de logement<\/span><\/p>\n<p><span style=\"color: #f28e00\">Nous r\u00e9alisons votre d\u00e9m\u00e9nagement<\/span><\/p>\n<p><span style=\"color: #27a829\">Vous devez meubler un nouveau logement<\/span><\/p>\n<p><span style=\"color: #f28e00\">La vari\u00e9t\u00e9 de nos produits r\u00e9pond \u00e0 vos attentes<\/span><\/p>\n<blockquote>\n<p>Vous pouvez aussi nous amener vos dons \u00e0 St Pierre de Bressieux du mercredi 8h30 au samedi 16h30<\/p>\n<\/blockquote>\n<\/div>\n<\/div><\/div><div id=\"panel-3605-0-0-1\" class=\"so-panel widget widget_sow-image panel-last-child\" data-index=\"1\" ><div\n\t\t\t\n\t\t\tclass=\"so-widget-sow-image so-widget-sow-image-default-8b5b6f678277-3605\"\n\t\t\t\n\t\t><\/div><\/div><\/div><div id=\"pgc-3605-0-1\"  class=\"panel-grid-cell\" ><div id=\"panel-3605-0-1-0\" class=\"so-panel widget widget_sow-editor panel-first-child\" data-index=\"2\" ><div\n\t\t\t\n\t\t\tclass=\"so-widget-sow-editor so-widget-sow-editor-base\"\n\t\t\t\n\t\t><h3 class=\"widget-title\">Vous \u00eates un professionnel<\/h3>\n<div class=\"siteorigin-widget-tinymce textwidget\">\n\t<ul>\n<li><span style=\"color: #27a829\">Traiter vos rebus de papiers vous prend du temps?<\/span>\n<ul>\n<li><span style=\"color: #f28e00\">Nous vous fournissons un container de 200L et nous venons le vider sur votre demande<\/span><\/li>\n<\/ul>\n<\/li>\n<li><span style=\"color: #27a829\">Vos cartons vides vous encombrent?<\/span>\n<ul>\n<li><span style=\"color: #f28e00\">Vous les stockez au sec, vous nous contactez et nous intervenons sous 48h<\/span><\/li>\n<\/ul>\n<\/li>\n<li><span style=\"color: #27a829\">Vous changez votre mobilier de bureau ou d'atelier?<\/span>\n<ul>\n<li><span style=\"color: #f28e00\">Notre partenariat avec l'\u00e9co organisme Vald\u00e9lia nous permet de collecter ces produits gratuitement dans votre entreprise<\/span><\/li>\n<\/ul>\n<\/li>\n<\/ul>\n<\/div>\n<\/div><\/div><div id=\"panel-3605-0-1-1\" class=\"so-panel widget widget_sow-editor panel-last-child\" data-index=\"3\" ><div\n\t\t\t\n\t\t\tclass=\"so-widget-sow-editor so-widget-sow-editor-base\"\n\t\t\t\n\t\t><h3 class=\"widget-title\">Nos ateliers tout public<\/h3>\n<div class=\"siteorigin-widget-tinymce textwidget\">\n\t<p><span style=\"color: #27a829\">Vous avez un meuble auquel vous tenez<\/span><\/p>\n<p><span style=\"color: #f28e00\">Vous souhaitez lui donner un nouvel aspect<\/span><\/p>\n<p><span style=\"color: #27a829\">Vous avez un coup de c\u0153ur pour un meuble trouv\u00e9 dans\u00a0 notre magasin ou dans une brocante mais....<\/span><\/p>\n<p><span style=\"color: #f28e00\">Vous avez envie de le mettre \u00e0 votre go\u00fbt<\/span><\/p>\n<p><span style=\"color: #f28e00\">Vous d\u00e9sirez le modifier<\/span><\/p>\n<p><span style=\"color: #f28e00\">Il est un peu abim\u00e9 et a besoin d'\u00eatre r\u00e9nov\u00e9<\/span><\/p>\n<blockquote>\n<p>La Ressourcerie vous propose un local d\u00e9di\u00e9, de l'outillage performant et les conseils d'un professionnel<\/p>\n<\/blockquote>\n<p>N\"h\u00e9sitez plus, contactez-nous pour participer \u00e0 un atelier le samedi matin de 9h \u00e0 12h.<\/p>\n<blockquote>\n<p><strong>Vous en avez assez de poncer, c'est fatiguant et pas tr\u00e8s int\u00e9ressant alors venez \u00e0 La Ressourcerie pour r\u00e9aliser la pr\u00e9paration de votre meuble gr\u00e2ce \u00e0 notre a\u00e9rogommeuse professionnelle<\/strong><\/p>\n<p>\u00a0<\/p>\n<\/blockquote>\n<\/div>\n<\/div><\/div><\/div><\/div><\/div>","protected":false},"excerpt":{"rendered":"<p>Vous souhaitez vous d\u00e9barrasser de tout type de produitsAppelez-nous pour convenir d&rsquo;un rendez-vousVous avez besoin de d\u00e9barrasser totalement un bien immobilierContactez-nous et nous viendrons r\u00e9aliser un devisVous changez de logementNous r\u00e9alisons votre d\u00e9m\u00e9nagementVous devez meubler un nouveau logementLa vari\u00e9t\u00e9 de &hellip; <a href=\"https:\/\/www.laressourcerie-bv.fr\/?page_id=3605\">Lire la suite\u00ad\u00ad<\/a><\/p>\n","protected":false},"author":4,"featured_media":0,"parent":0,"menu_order":0,"comment_status":"closed","ping_status":"closed","template":"","meta":{"kt_blocks_editor_width":"","jetpack_post_was_ever_published":false,"footnotes":""},"class_list":["post-3605","page","type-page","status-publish","hentry"],"jetpack_sharing_enabled":true,"jetpack_shortlink":"https:\/\/wp.me\/P4vcLL-W9","_links":{"self":[{"href":"https:\/\/www.laressourcerie-bv.fr\/index.php?rest_route=\/wp\/v2\/pages\/3605","targetHints":{"allow":["GET"]}}],"collection":[{"href":"https:\/\/www.laressourcerie-bv.fr\/index.php?rest_route=\/wp\/v2\/pages"}],"about":[{"href":"https:\/\/www.laressourcerie-bv.fr\/index.php?rest_route=\/wp\/v2\/types\/page"}],"author":[{"embeddable":true,"href":"https:\/\/www.laressourcerie-bv.fr\/index.php?rest_route=\/wp\/v2\/users\/4"}],"replies":[{"embeddable":true,"href":"https:\/\/www.laressourcerie-bv.fr\/index.php?rest_route=%2Fwp%2Fv2%2Fcomments&post=3605"}],"version-history":[{"count":26,"href":"https:\/\/www.laressourcerie-bv.fr\/index.php?rest_route=\/wp\/v2\/pages\/3605\/revisions"}],"predecessor-version":[{"id":3646,"href":"https:\/\/www.laressourcerie-bv.fr\/index.php?rest_route=\/wp\/v2\/pages\/3605\/revisions\/3646"}],"wp:attachment":[{"href":"https:\/\/www.laressourcerie-bv.fr\/index.php?rest_route=%2Fwp%2Fv2%2Fmedia&parent=3605"}],"curies":[{"name":"wp","href":"https:\/\/api.w.org\/{rel}","templated":true}]}}